{"id":12904,"date":"2025-05-20T16:12:18","date_gmt":"2025-05-20T13:12:18","guid":{"rendered":"https:\/\/sy11events.com\/?post_type=product&#038;p=12904"},"modified":"2025-05-20T16:12:18","modified_gmt":"2025-05-20T13:12:18","slug":"mes-quinze-miroirs","status":"publish","type":"product","link":"https:\/\/sy11events.com\/bg\/produkt\/mes-quinze-miroirs\/","title":{"rendered":"Mes quinze miroirs"},"content":{"rendered":"<p><strong data-start=\"136\" data-end=\"158\">Mes quinze miroirs<\/strong> est un voyage intime \u00e0 travers la vie et la carri\u00e8re de la soprano Sonya Yoncheva. \u00c9crit en collaboration avec le journaliste et auteur David Duault, cet ouvrage m\u00eale confidences personnelles, r\u00e9flexions artistiques et souvenirs marquants. En quinze chapitres, autant de &#8222;miroirs&#8220;, Sonya Yoncheva explore les moments-cl\u00e9s qui ont fa\u00e7onn\u00e9 son parcours, depuis son enfance en Bulgarie jusqu\u2019aux sc\u00e8nes les plus prestigieuses du monde. Un r\u00e9cit sensible, sinc\u00e8re et inspirant, port\u00e9 par une voix singuli\u00e8re.<\/p>\n","protected":false},"excerpt":{"rendered":"<p><strong data-start=\"56\" data-end=\"78\">Mes quinze miroirs<\/strong> d\u00e9voile le parcours intime et artistique de la soprano Sonya Yoncheva. Quinze chapitres, quinze reflets d\u2019une vie d\u00e9di\u00e9e \u00e0 la musique et \u00e0 l\u2019\u00e9motion.<\/p>\n","protected":false},"featured_media":12905,"template":"","meta":{"site-sidebar-layout":"default","site-content-layout":"","ast-site-content-layout":"default","site-content-style":"default","site-sidebar-style":"default","ast-global-header-display":"","ast-banner-title-visibility":"","ast-main-header-display":"","ast-hfb-above-header-display":"","ast-hfb-below-header-display":"","ast-hfb-mobile-header-display":"","site-post-title":"","ast-breadcrumbs-content":"","ast-featured-img":"","footer-sml-layout":"","theme-transparent-header-meta":"default","adv-header-id-meta":"","stick-header-meta":"","header-above-stick-meta":"","header-main-stick-meta":"","header-below-stick-meta":"","astra-migrate-meta-layouts":"set","ast-page-background-enabled":"default","ast-page-background-meta":{"desktop":{"background-color":"","background-image":"","background-repeat":"repeat","background-position":"center center","background-size":"auto","background-attachment":"scroll","background-type":"","background-media":"","overlay-type":"","overlay-color":"","overlay-opacity":"","overlay-gradient":""},"tablet":{"background-color":"","background-image":"","background-repeat":"repeat","background-position":"center center","background-size":"auto","background-attachment":"scroll","background-type":"","background-media":"","overlay-type":"","overlay-color":"","overlay-opacity":"","overlay-gradient":""},"mobile":{"background-color":"","background-image":"","background-repeat":"repeat","background-position":"center center","background-size":"auto","background-attachment":"scroll","background-type":"","background-media":"","overlay-type":"","overlay-color":"","overlay-opacity":"","overlay-gradient":""}},"ast-content-background-meta":{"desktop":{"background-color":"var(--ast-global-color-5)","background-image":"","background-repeat":"repeat","background-position":"center center","background-size":"auto","background-attachment":"scroll","background-type":"","background-media":"","overlay-type":"","overlay-color":"","overlay-opacity":"","overlay-gradient":""},"tablet":{"background-color":"var(--ast-global-color-5)","background-image":"","background-repeat":"repeat","background-position":"center center","background-size":"auto","background-attachment":"scroll","background-type":"","background-media":"","overlay-type":"","overlay-color":"","overlay-opacity":"","overlay-gradient":""},"mobile":{"background-color":"var(--ast-global-color-5)","background-image":"","background-repeat":"repeat","background-position":"center center","background-size":"auto","background-attachment":"scroll","background-type":"","background-media":"","overlay-type":"","overlay-color":"","overlay-opacity":"","overlay-gradient":""}}},"product_brand":[],"product_cat":[38],"product_tag":[],"class_list":{"0":"post-12904","1":"product","2":"type-product","3":"status-publish","4":"has-post-thumbnail","6":"product_cat-book","7":"product_shipping_class-book","8":"desktop-align-center","9":"tablet-align-left","10":"mobile-align-left","11":"ast-product-gallery-layout-vertical","12":"ast-product-tabs-layout-horizontal","14":"first","15":"instock","16":"shipping-taxable","17":"purchasable","18":"product-type-simple"},"_links":{"self":[{"href":"https:\/\/sy11events.com\/bg\/wp-json\/wp\/v2\/product\/12904","targetHints":{"allow":["GET"]}}],"collection":[{"href":"https:\/\/sy11events.com\/bg\/wp-json\/wp\/v2\/product"}],"about":[{"href":"https:\/\/sy11events.com\/bg\/wp-json\/wp\/v2\/types\/product"}],"wp:featuredmedia":[{"embeddable":true,"href":"https:\/\/sy11events.com\/bg\/wp-json\/wp\/v2\/media\/12905"}],"wp:attachment":[{"href":"https:\/\/sy11events.com\/bg\/wp-json\/wp\/v2\/media?parent=12904"}],"wp:term":[{"taxonomy":"product_brand","embeddable":true,"href":"https:\/\/sy11events.com\/bg\/wp-json\/wp\/v2\/product_brand?post=12904"},{"taxonomy":"product_cat","embeddable":true,"href":"https:\/\/sy11events.com\/bg\/wp-json\/wp\/v2\/product_cat?post=12904"},{"taxonomy":"product_tag","embeddable":true,"href":"https:\/\/sy11events.com\/bg\/wp-json\/wp\/v2\/product_tag?post=12904"}],"curies":[{"name":"wp","href":"https:\/\/api.w.org\/{rel}","templated":true}]}}